{"id":178,"date":"2023-09-17T14:30:14","date_gmt":"2023-09-17T12:30:14","guid":{"rendered":"https:\/\/s-team-experience.com\/?page_id=178"},"modified":"2024-06-08T17:55:51","modified_gmt":"2024-06-08T15:55:51","slug":"team-building-rse-discover","status":"publish","type":"page","link":"https:\/\/s-team-experience.com\/index.php\/les-formules\/team-building-rse-discover\/","title":{"rendered":"Team building RSE"},"content":{"rendered":"\t\t<div data-elementor-type=\"wp-page\" data-elementor-id=\"178\" class=\"elementor elementor-178\">\n\t\t\t\t<div class=\"elementor-element elementor-element-4ffddbd e-flex e-con-boxed e-con e-parent\" data-id=\"4ffddbd\" data-element_type=\"container\">\n\t\t\t\t\t<div class=\"e-con-inner\">\n\t\t<div class=\"elementor-element elementor-element-fe65f1c e-con-full e-flex e-con e-child\" data-id=\"fe65f1c\" data-element_type=\"container\">\n\t\t\t\t<div class=\"elementor-element elementor-element-c4bde66 tx-hd-align-left elementor-widget elementor-widget-avas-heading\" data-id=\"c4bde66\" data-element_type=\"widget\" data-widget_type=\"avas-heading.default\">\n\t\t\t\t<div class=\"elementor-widget-container\">\n\t\t\t\t\t        <div class=\"tx-hd-wrap\">\n\n            <div class=\"tx-hd-wm\"><\/div>\n\n            \n            <div class=\"tx-hd-sub\"><\/div>\n                        <h1 class=\"tx-hd-title\">\n                <span class=\"tx-hd-first-part\">Jeux de coh\u00e9sion en groupe<\/span>\n                <span class=\"tx-hd-last-part\"><\/span>\n            <\/h1>    \n            \n            <div class=\"tx-hd-desc\"><\/div>\n\n\n                   \n        <\/div><!-- tx-hd-wrap -->\n\n\n\n\n\n\n\n\n\t\t\t\t<\/div>\n\t\t\t\t<\/div>\n\t\t\t\t<div class=\"elementor-element elementor-element-6448b96 elementor-widget elementor-widget-text-editor\" data-id=\"6448b96\" data-element_type=\"widget\" data-widget_type=\"text-editor.default\">\n\t\t\t\t<div class=\"elementor-widget-container\">\n\t\t\t\t\t\t\t\t\t<p>Ce Team building RSE est une animation cl\u00e9 en main, d&rsquo;une dur\u00e9e d&rsquo;environ 4h, \u00e0 laquelle peuvent participer entre 30 \u00e0 300 personnes.<br \/><br \/>Con\u00e7ue pour favoriser l&rsquo;inclusion, elle permet d&rsquo;accueillir des groupes tr\u00e8s diversifi\u00e9s en age, genre, nationalit\u00e9, centre d&rsquo;int\u00e9r\u00eat, ou encore handicap.<\/p>\t\t\t\t\t\t\t\t<\/div>\n\t\t\t\t<\/div>\n\t\t\t\t<div class=\"elementor-element elementor-element-1fb1207 elementor-absolute elementor-widget elementor-widget-image\" data-id=\"1fb1207\" data-element_type=\"widget\" data-settings=\"{&quot;_position&quot;:&quot;absolute&quot;}\" data-widget_type=\"image.default\">\n\t\t\t\t<div class=\"elementor-widget-container\">\n\t\t\t\t\t\t\t\t\t\t\t\t\t\t\t<img decoding=\"async\" width=\"150\" height=\"100\" src=\"https:\/\/s-team-experience.com\/wp-content\/uploads\/2024\/02\/3_Cible_bicolor-150x100.png\" class=\"attachment-tx-pe-thumb size-tx-pe-thumb wp-image-1261\" alt=\"\" srcset=\"https:\/\/s-team-experience.com\/wp-content\/uploads\/2024\/02\/3_Cible_bicolor-150x100.png 150w, https:\/\/s-team-experience.com\/wp-content\/uploads\/2024\/02\/3_Cible_bicolor-900x600.png 900w\" sizes=\"(max-width: 150px) 100vw, 150px\" \/>\t\t\t\t\t\t\t\t\t\t\t\t\t\t\t<\/div>\n\t\t\t\t<\/div>\n\t\t\t\t<\/div>\n\t\t\t\t<div class=\"elementor-element elementor-element-b7d95d0 elementor-widget elementor-widget-spacer\" data-id=\"b7d95d0\" data-element_type=\"widget\" data-widget_type=\"spacer.default\">\n\t\t\t\t<div class=\"elementor-widget-container\">\n\t\t\t\t\t\t\t<div class=\"elementor-spacer\">\n\t\t\t<div class=\"elementor-spacer-inner\"><\/div>\n\t\t<\/div>\n\t\t\t\t\t\t<\/div>\n\t\t\t\t<\/div>\n\t\t<div class=\"elementor-element elementor-element-86ad771 e-flex e-con-boxed elementor-invisible e-con e-child\" data-id=\"86ad771\" data-element_type=\"container\" data-settings=\"{&quot;background_background&quot;:&quot;classic&quot;,&quot;animation&quot;:&quot;fadeInLeft&quot;}\">\n\t\t\t\t\t<div class=\"e-con-inner\">\n\t\t\t\t<div class=\"elementor-element elementor-element-d3b4e3e elementor-widget elementor-widget-image\" data-id=\"d3b4e3e\" data-element_type=\"widget\" data-widget_type=\"image.default\">\n\t\t\t\t<div class=\"elementor-widget-container\">\n\t\t\t\t\t\t\t\t\t\t\t\t\t\t\t<img fetchpriority=\"high\" decoding=\"async\" width=\"470\" height=\"336\" src=\"https:\/\/s-team-experience.com\/wp-content\/uploads\/2023\/08\/MEGARESCO-NANTERRE_68-scaled.jpg\" class=\"attachment-tx-ts-thumb size-tx-ts-thumb wp-image-26\" alt=\"\" srcset=\"https:\/\/s-team-experience.com\/wp-content\/uploads\/2023\/08\/MEGARESCO-NANTERRE_68-scaled.jpg 2560w, https:\/\/s-team-experience.com\/wp-content\/uploads\/2023\/08\/MEGARESCO-NANTERRE_68-scaled-600x428.jpg 600w, https:\/\/s-team-experience.com\/wp-content\/uploads\/2023\/08\/MEGARESCO-NANTERRE_68-300x214.jpg 300w, https:\/\/s-team-experience.com\/wp-content\/uploads\/2023\/08\/MEGARESCO-NANTERRE_68-1024x731.jpg 1024w, https:\/\/s-team-experience.com\/wp-content\/uploads\/2023\/08\/MEGARESCO-NANTERRE_68-768x549.jpg 768w, https:\/\/s-team-experience.com\/wp-content\/uploads\/2023\/08\/MEGARESCO-NANTERRE_68-1536x1097.jpg 1536w, https:\/\/s-team-experience.com\/wp-content\/uploads\/2023\/08\/MEGARESCO-NANTERRE_68-2048x1463.jpg 2048w\" sizes=\"(max-width: 470px) 100vw, 470px\" \/>\t\t\t\t\t\t\t\t\t\t\t\t\t\t\t<\/div>\n\t\t\t\t<\/div>\n\t\t\t\t<div class=\"elementor-element elementor-element-9d705bf elementor-widget__width-initial elementor-widget elementor-widget-heading\" data-id=\"9d705bf\" data-element_type=\"widget\" data-widget_type=\"heading.default\">\n\t\t\t\t<div class=\"elementor-widget-container\">\n\t\t\t\t\t<h2 class=\"elementor-heading-title elementor-size-default\">Team Building <br \/> RSE <\/h2>\t\t\t\t<\/div>\n\t\t\t\t<\/div>\n\t\t\t\t<div class=\"elementor-element elementor-element-d4e08f9 elementor-widget elementor-widget-avas-icon-box\" data-id=\"d4e08f9\" data-element_type=\"widget\" data-widget_type=\"avas-icon-box.default\">\n\t\t\t\t<div class=\"elementor-widget-container\">\n\t\t\t\t\t\t\n\t\t<div class=\"tx-icon-box-wrap style-2 left\">\n\n\t\t\t<div class=\"tx-icon-box-icon\">\n\t\t\t\t<svg aria-hidden=\"true\" class=\"e-font-icon-svg e-fas-angle-right\" viewBox=\"0 0 256 512\" xmlns=\"http:\/\/www.w3.org\/2000\/svg\"><path d=\"M224.3 273l-136 136c-9.4 9.4-24.6 9.4-33.9 0l-22.6-22.6c-9.4-9.4-9.4-24.6 0-33.9l96.4-96.4-96.4-96.4c-9.4-9.4-9.4-24.6 0-33.9L54.3 103c9.4-9.4 24.6-9.4 33.9 0l136 136c9.5 9.4 9.5 24.6.1 34z\"><\/path><\/svg>\n\t\t\t\t\n\t\t\t<\/div><!-- tx-icon-box-icon -->\n\n\t\t\t<div class=\"tx-icon-box-content-wrap\">\n\n\t\t\t\t\t\t\t\t\t\t\t\t<p class=\"tx-icon-box-title\">\n\t\t\t\tInt\u00e9gration\t\t\t\t<\/p>\n\t\t\t\t\t\t\t\t\n\t\t\t\t<div class=\"tx-icon-box-desc\"><\/div>\n\t\t\t\t\t\t\t<\/div><!-- tx-icon-box-content-wrap -->\n\n\t\t<\/div><!-- tx-icon-box-wrap -->\n\n\t\t\t\t<\/div>\n\t\t\t\t<\/div>\n\t\t\t\t<div class=\"elementor-element elementor-element-4a984e0 elementor-widget elementor-widget-avas-icon-box\" data-id=\"4a984e0\" data-element_type=\"widget\" data-widget_type=\"avas-icon-box.default\">\n\t\t\t\t<div class=\"elementor-widget-container\">\n\t\t\t\t\t\t\n\t\t<div class=\"tx-icon-box-wrap style-2 left\">\n\n\t\t\t<div class=\"tx-icon-box-icon\">\n\t\t\t\t<svg aria-hidden=\"true\" class=\"e-font-icon-svg e-fas-angle-right\" viewBox=\"0 0 256 512\" xmlns=\"http:\/\/www.w3.org\/2000\/svg\"><path d=\"M224.3 273l-136 136c-9.4 9.4-24.6 9.4-33.9 0l-22.6-22.6c-9.4-9.4-9.4-24.6 0-33.9l96.4-96.4-96.4-96.4c-9.4-9.4-9.4-24.6 0-33.9L54.3 103c9.4-9.4 24.6-9.4 33.9 0l136 136c9.5 9.4 9.5 24.6.1 34z\"><\/path><\/svg>\n\t\t\t\t\n\t\t\t<\/div><!-- tx-icon-box-icon -->\n\n\t\t\t<div class=\"tx-icon-box-content-wrap\">\n\n\t\t\t\t\t\t\t\t\t\t\t\t<p class=\"tx-icon-box-title\">\n\t\t\t\tTeambuilding\t\t\t\t<\/p>\n\t\t\t\t\t\t\t\t\n\t\t\t\t<div class=\"tx-icon-box-desc\"><\/div>\n\t\t\t\t\t\t\t<\/div><!-- tx-icon-box-content-wrap -->\n\n\t\t<\/div><!-- tx-icon-box-wrap -->\n\n\t\t\t\t<\/div>\n\t\t\t\t<\/div>\n\t\t\t\t\t<\/div>\n\t\t\t\t<\/div>\n\t\t\t\t\t<\/div>\n\t\t\t\t<\/div>\n\t\t<div class=\"elementor-element elementor-element-039ba90 e-con-full e-flex e-con e-parent\" data-id=\"039ba90\" data-element_type=\"container\" data-settings=\"{&quot;background_background&quot;:&quot;classic&quot;}\">\n\t\t<div class=\"elementor-element elementor-element-fb0cf0c e-con-full e-flex e-con e-child\" data-id=\"fb0cf0c\" data-element_type=\"container\">\n\t\t\t\t<div class=\"elementor-element elementor-element-7544327 tx-hd-align-left elementor-invisible elementor-widget elementor-widget-avas-heading\" data-id=\"7544327\" data-element_type=\"widget\" data-settings=\"{&quot;_animation&quot;:&quot;fadeIn&quot;}\" data-widget_type=\"avas-heading.default\">\n\t\t\t\t<div class=\"elementor-widget-container\">\n\t\t\t\t\t        <div class=\"tx-hd-wrap\">\n\n            <div class=\"tx-hd-wm\"><\/div>\n\n            \n            <div class=\"tx-hd-sub\"><\/div>\n                        <h2 class=\"tx-hd-title\">\n                <span class=\"tx-hd-first-part\">Le temps forts<\/span>\n                <span class=\"tx-hd-last-part\"><\/span>\n            <\/h2>    \n            \n            <div class=\"tx-hd-desc\"><\/div>\n\n\n                   \n        <\/div><!-- tx-hd-wrap -->\n\n\n\n\n\n\n\n\n\t\t\t\t<\/div>\n\t\t\t\t<\/div>\n\t\t\t\t<div class=\"elementor-element elementor-element-af7f0bf elementor-widget elementor-widget-text-editor\" data-id=\"af7f0bf\" data-element_type=\"widget\" data-widget_type=\"text-editor.default\">\n\t\t\t\t<div class=\"elementor-widget-container\">\n\t\t\t\t\t\t\t\t\t<p>L&rsquo;animation consiste en une s\u00e9rie de jeux d&rsquo;int\u00e9gration sc\u00e9naris\u00e9s qui se joue en \u00e9quipe.<\/p><p>Les \u00e9quipes sont confront\u00e9es \u00e0 une s\u00e9rie de d\u00e9fis qu&rsquo;elles doivent g\u00e9rer simultan\u00e9ement. P\u00eale-m\u00eale, on y retrouve des jeux d&rsquo;adresse, des \u00e9nigmes, de la recherche d&rsquo;information&#8230;<\/p><p>Tout au long de ces temps forts, les participants doivent prendre des d\u00e9cisions strat\u00e9giques, de coordinations, ou encore de positionnement \u00e9thique.<\/p>\t\t\t\t\t\t\t\t<\/div>\n\t\t\t\t<\/div>\n\t\t\t\t<\/div>\n\t\t\t\t<div class=\"elementor-element elementor-element-c8c2c11 elementor-widget elementor-widget-spacer\" data-id=\"c8c2c11\" data-element_type=\"widget\" data-widget_type=\"spacer.default\">\n\t\t\t\t<div class=\"elementor-widget-container\">\n\t\t\t\t\t\t\t<div class=\"elementor-spacer\">\n\t\t\t<div class=\"elementor-spacer-inner\"><\/div>\n\t\t<\/div>\n\t\t\t\t\t\t<\/div>\n\t\t\t\t<\/div>\n\t\t<div class=\"elementor-element elementor-element-17da3f8 e-con-full e-flex e-con e-child\" data-id=\"17da3f8\" data-element_type=\"container\">\n\t\t\t\t<div class=\"elementor-element elementor-element-56d1351 elementor-invisible elementor-widget elementor-widget-image\" data-id=\"56d1351\" data-element_type=\"widget\" data-settings=\"{&quot;_animation&quot;:&quot;fadeInDown&quot;}\" data-widget_type=\"image.default\">\n\t\t\t\t<div class=\"elementor-widget-container\">\n\t\t\t\t\t\t\t\t\t\t\t\t\t\t\t<img decoding=\"async\" width=\"2560\" height=\"1829\" src=\"https:\/\/s-team-experience.com\/wp-content\/uploads\/2023\/10\/S-TEAM-MEGARESCO-PARIS_8-scaled.jpg\" class=\"attachment-full size-full wp-image-336\" alt=\"\" srcset=\"https:\/\/s-team-experience.com\/wp-content\/uploads\/2023\/10\/S-TEAM-MEGARESCO-PARIS_8-scaled.jpg 2560w, https:\/\/s-team-experience.com\/wp-content\/uploads\/2023\/10\/S-TEAM-MEGARESCO-PARIS_8-scaled-600x429.jpg 600w, https:\/\/s-team-experience.com\/wp-content\/uploads\/2023\/10\/S-TEAM-MEGARESCO-PARIS_8-300x214.jpg 300w, https:\/\/s-team-experience.com\/wp-content\/uploads\/2023\/10\/S-TEAM-MEGARESCO-PARIS_8-1024x731.jpg 1024w, https:\/\/s-team-experience.com\/wp-content\/uploads\/2023\/10\/S-TEAM-MEGARESCO-PARIS_8-768x549.jpg 768w, https:\/\/s-team-experience.com\/wp-content\/uploads\/2023\/10\/S-TEAM-MEGARESCO-PARIS_8-1536x1097.jpg 1536w, https:\/\/s-team-experience.com\/wp-content\/uploads\/2023\/10\/S-TEAM-MEGARESCO-PARIS_8-2048x1463.jpg 2048w\" sizes=\"(max-width: 2560px) 100vw, 2560px\" \/>\t\t\t\t\t\t\t\t\t\t\t\t\t\t\t<\/div>\n\t\t\t\t<\/div>\n\t\t\t\t<\/div>\n\t\t\t\t<\/div>\n\t\t<div class=\"elementor-element elementor-element-4723f1c e-flex e-con-boxed e-con e-parent\" data-id=\"4723f1c\" data-element_type=\"container\" data-settings=\"{&quot;background_background&quot;:&quot;classic&quot;}\">\n\t\t\t\t\t<div class=\"e-con-inner\">\n\t\t\t\t<div class=\"elementor-element elementor-element-a68b4f1 elementor-absolute elementor-widget elementor-widget-image\" data-id=\"a68b4f1\" data-element_type=\"widget\" data-settings=\"{&quot;_position&quot;:&quot;absolute&quot;}\" data-widget_type=\"image.default\">\n\t\t\t\t<div class=\"elementor-widget-container\">\n\t\t\t\t\t\t\t\t\t\t\t\t\t\t\t<img loading=\"lazy\" decoding=\"async\" width=\"270\" height=\"188\" src=\"https:\/\/s-team-experience.com\/wp-content\/uploads\/2024\/02\/4-Dialog-270x188.png\" class=\"attachment-tx-r-thumb size-tx-r-thumb wp-image-1353\" alt=\"\" srcset=\"https:\/\/s-team-experience.com\/wp-content\/uploads\/2024\/02\/4-Dialog-270x188.png 270w, https:\/\/s-team-experience.com\/wp-content\/uploads\/2024\/02\/4-Dialog-616x430.png 616w\" sizes=\"(max-width: 270px) 100vw, 270px\" \/>\t\t\t\t\t\t\t\t\t\t\t\t\t\t\t<\/div>\n\t\t\t\t<\/div>\n\t\t<div class=\"elementor-element elementor-element-aaf84fe e-con-full e-flex e-con e-child\" data-id=\"aaf84fe\" data-element_type=\"container\">\n\t\t\t\t<div class=\"elementor-element elementor-element-08f5fea elementor-invisible elementor-widget elementor-widget-image\" data-id=\"08f5fea\" data-element_type=\"widget\" data-settings=\"{&quot;_animation&quot;:&quot;fadeInDown&quot;}\" data-widget_type=\"image.default\">\n\t\t\t\t<div class=\"elementor-widget-container\">\n\t\t\t\t\t\t\t\t\t\t\t\t\t\t\t<img loading=\"lazy\" decoding=\"async\" width=\"2560\" height=\"1707\" src=\"https:\/\/s-team-experience.com\/wp-content\/uploads\/2023\/08\/STEAM-TEST-MEGARESCO_1-scaled.jpg\" class=\"attachment-full size-full wp-image-64\" alt=\"\" srcset=\"https:\/\/s-team-experience.com\/wp-content\/uploads\/2023\/08\/STEAM-TEST-MEGARESCO_1-scaled.jpg 2560w, https:\/\/s-team-experience.com\/wp-content\/uploads\/2023\/08\/STEAM-TEST-MEGARESCO_1-scaled-600x400.jpg 600w, https:\/\/s-team-experience.com\/wp-content\/uploads\/2023\/08\/STEAM-TEST-MEGARESCO_1-300x200.jpg 300w, https:\/\/s-team-experience.com\/wp-content\/uploads\/2023\/08\/STEAM-TEST-MEGARESCO_1-1024x683.jpg 1024w, https:\/\/s-team-experience.com\/wp-content\/uploads\/2023\/08\/STEAM-TEST-MEGARESCO_1-768x512.jpg 768w, https:\/\/s-team-experience.com\/wp-content\/uploads\/2023\/08\/STEAM-TEST-MEGARESCO_1-1536x1024.jpg 1536w, https:\/\/s-team-experience.com\/wp-content\/uploads\/2023\/08\/STEAM-TEST-MEGARESCO_1-2048x1365.jpg 2048w, https:\/\/s-team-experience.com\/wp-content\/uploads\/2023\/08\/STEAM-TEST-MEGARESCO_1-360x240.jpg 360w\" sizes=\"(max-width: 2560px) 100vw, 2560px\" \/>\t\t\t\t\t\t\t\t\t\t\t\t\t\t\t<\/div>\n\t\t\t\t<\/div>\n\t\t\t\t<\/div>\n\t\t\t\t<div class=\"elementor-element elementor-element-1fe8fd7 elementor-widget elementor-widget-spacer\" data-id=\"1fe8fd7\" data-element_type=\"widget\" data-widget_type=\"spacer.default\">\n\t\t\t\t<div class=\"elementor-widget-container\">\n\t\t\t\t\t\t\t<div class=\"elementor-spacer\">\n\t\t\t<div class=\"elementor-spacer-inner\"><\/div>\n\t\t<\/div>\n\t\t\t\t\t\t<\/div>\n\t\t\t\t<\/div>\n\t\t<div class=\"elementor-element elementor-element-557247d e-con-full e-flex e-con e-child\" data-id=\"557247d\" data-element_type=\"container\">\n\t\t\t\t<div class=\"elementor-element elementor-element-db13d0a tx-hd-align-left elementor-invisible elementor-widget elementor-widget-avas-heading\" data-id=\"db13d0a\" data-element_type=\"widget\" data-settings=\"{&quot;_animation&quot;:&quot;fadeIn&quot;}\" data-widget_type=\"avas-heading.default\">\n\t\t\t\t<div class=\"elementor-widget-container\">\n\t\t\t\t\t        <div class=\"tx-hd-wrap\">\n\n            <div class=\"tx-hd-wm\"><\/div>\n\n            \n            <div class=\"tx-hd-sub\"><\/div>\n                        <h2 class=\"tx-hd-title\">\n                <span class=\"tx-hd-first-part\">\u00c9veiller les esprits<\/span>\n                <span class=\"tx-hd-last-part\"><\/span>\n            <\/h2>    \n            \n            <div class=\"tx-hd-desc\"><\/div>\n\n\n                   \n        <\/div><!-- tx-hd-wrap -->\n\n\n\n\n\n\n\n\n\t\t\t\t<\/div>\n\t\t\t\t<\/div>\n\t\t\t\t<div class=\"elementor-element elementor-element-70f5c37 elementor-widget elementor-widget-text-editor\" data-id=\"70f5c37\" data-element_type=\"widget\" data-widget_type=\"text-editor.default\">\n\t\t\t\t<div class=\"elementor-widget-container\">\n\t\t\t\t\t\t\t\t\t<p>Nos jeux de coh\u00e9sion sont ponctu\u00e9s de discussions et r\u00e9flexions. \u00c0 l&rsquo;issue de l&rsquo;animation, nous organisons un debriefing collectif.<\/p><p>L&rsquo;objectif majeur est de susciter des prises de consciences ou des questionnements sur les exp\u00e9riences rencontr\u00e9es.<\/p>\t\t\t\t\t\t\t\t<\/div>\n\t\t\t\t<\/div>\n\t\t\t\t<\/div>\n\t\t\t\t\t<\/div>\n\t\t\t\t<\/div>\n\t\t<div class=\"elementor-element elementor-element-6ddc549 e-flex e-con-boxed e-con e-parent\" data-id=\"6ddc549\" data-element_type=\"container\">\n\t\t\t\t\t<div class=\"e-con-inner\">\n\t\t\t\t<div class=\"elementor-element elementor-element-a5da23a elementor-widget elementor-widget-spacer\" data-id=\"a5da23a\" data-element_type=\"widget\" data-widget_type=\"spacer.default\">\n\t\t\t\t<div class=\"elementor-widget-container\">\n\t\t\t\t\t\t\t<div class=\"elementor-spacer\">\n\t\t\t<div class=\"elementor-spacer-inner\"><\/div>\n\t\t<\/div>\n\t\t\t\t\t\t<\/div>\n\t\t\t\t<\/div>\n\t\t\t\t\t<\/div>\n\t\t\t\t<\/div>\n\t\t\t\t<\/div>\n\t\t","protected":false},"excerpt":{"rendered":"<p class=\"tx-excerpt\">Jeux de coh\u00e9sion en groupe Ce Team building RSE est une animation cl\u00e9 en main, d&rsquo;une dur\u00e9e d&rsquo;environ 4h, \u00e0 laquelle peuvent participer entre 30 \u00e0 300 personnes. Con\u00e7ue pour favoriser l&rsquo;inclusion, elle","protected":false},"author":1,"featured_media":336,"parent":176,"menu_order":0,"comment_status":"closed","ping_status":"closed","template":"","meta":{"footnotes":""},"class_list":["post-178","page","type-page","status-publish","has-post-thumbnail","hentry"],"_links":{"self":[{"href":"https:\/\/s-team-experience.com\/index.php\/wp-json\/wp\/v2\/pages\/178","targetHints":{"allow":["GET"]}}],"collection":[{"href":"https:\/\/s-team-experience.com\/index.php\/wp-json\/wp\/v2\/pages"}],"about":[{"href":"https:\/\/s-team-experience.com\/index.php\/wp-json\/wp\/v2\/types\/page"}],"author":[{"embeddable":true,"href":"https:\/\/s-team-experience.com\/index.php\/wp-json\/wp\/v2\/users\/1"}],"replies":[{"embeddable":true,"href":"https:\/\/s-team-experience.com\/index.php\/wp-json\/wp\/v2\/comments?post=178"}],"version-history":[{"count":81,"href":"https:\/\/s-team-experience.com\/index.php\/wp-json\/wp\/v2\/pages\/178\/revisions"}],"predecessor-version":[{"id":1511,"href":"https:\/\/s-team-experience.com\/index.php\/wp-json\/wp\/v2\/pages\/178\/revisions\/1511"}],"up":[{"embeddable":true,"href":"https:\/\/s-team-experience.com\/index.php\/wp-json\/wp\/v2\/pages\/176"}],"wp:featuredmedia":[{"embeddable":true,"href":"https:\/\/s-team-experience.com\/index.php\/wp-json\/wp\/v2\/media\/336"}],"wp:attachment":[{"href":"https:\/\/s-team-experience.com\/index.php\/wp-json\/wp\/v2\/media?parent=178"}],"curies":[{"name":"wp","href":"https:\/\/api.w.org\/{rel}","templated":true}]}}