{"id":182,"date":"2023-09-17T14:31:43","date_gmt":"2023-09-17T12:31:43","guid":{"rendered":"https:\/\/s-team-experience.com\/?page_id=182"},"modified":"2024-06-08T17:51:55","modified_gmt":"2024-06-08T15:51:55","slug":"defi-solidaire-impact","status":"publish","type":"page","link":"https:\/\/s-team-experience.com\/index.php\/les-formules\/defi-solidaire-impact\/","title":{"rendered":"D\u00e9fi solidaire"},"content":{"rendered":"\t\t<div data-elementor-type=\"wp-page\" data-elementor-id=\"182\" class=\"elementor elementor-182\">\n\t\t\t\t<div class=\"elementor-element elementor-element-42ffb11 e-flex e-con-boxed e-con e-parent\" data-id=\"42ffb11\" data-element_type=\"container\">\n\t\t\t\t\t<div class=\"e-con-inner\">\n\t\t<div class=\"elementor-element elementor-element-4286c54 e-con-full e-flex e-con e-child\" data-id=\"4286c54\" data-element_type=\"container\">\n\t\t\t\t<div class=\"elementor-element elementor-element-071f8c3 tx-hd-align-left elementor-widget elementor-widget-avas-heading\" data-id=\"071f8c3\" data-element_type=\"widget\" data-widget_type=\"avas-heading.default\">\n\t\t\t\t<div class=\"elementor-widget-container\">\n\t\t\t\t\t        <div class=\"tx-hd-wrap\">\n\n            <div class=\"tx-hd-wm\"><\/div>\n\n            \n            <div class=\"tx-hd-sub\"><\/div>\n                        <h1 class=\"tx-hd-title\">\n                <span class=\"tx-hd-first-part\">D\u00e9fi solidaire et sportif<\/span>\n                <span class=\"tx-hd-last-part\"><\/span>\n            <\/h1>    \n            \n            <div class=\"tx-hd-desc\"><\/div>\n\n\n                   \n        <\/div><!-- tx-hd-wrap -->\n\n\n\n\n\n\n\n\n\t\t\t\t<\/div>\n\t\t\t\t<\/div>\n\t\t\t\t<div class=\"elementor-element elementor-element-d724056 elementor-widget elementor-widget-text-editor\" data-id=\"d724056\" data-element_type=\"widget\" data-widget_type=\"text-editor.default\">\n\t\t\t\t<div class=\"elementor-widget-container\">\n\t\t\t\t\t\t\t\t\t<p>Cet \u00e9v\u00e9nement RSE innovant est con\u00e7u pour cr\u00e9er de la coh\u00e9sion entre les participants. <br \/>C&rsquo;est \u00e0 partir de la coh\u00e9sion de groupe que nous souhaitons faire \u00e9merger une culture forte autour de la solidarit\u00e9 et de la responsabilit\u00e9 soci\u00e9tale.<\/p>\t\t\t\t\t\t\t\t<\/div>\n\t\t\t\t<\/div>\n\t\t\t\t<div class=\"elementor-element elementor-element-6d23038 elementor-absolute e-transform elementor-widget elementor-widget-image\" data-id=\"6d23038\" data-element_type=\"widget\" data-settings=\"{&quot;_position&quot;:&quot;absolute&quot;,&quot;_transform_rotateZ_effect&quot;:{&quot;unit&quot;:&quot;px&quot;,&quot;size&quot;:-10,&quot;sizes&quot;:[]},&quot;_transform_rotateZ_effect_tablet&quot;:{&quot;unit&quot;:&quot;deg&quot;,&quot;size&quot;:&quot;&quot;,&quot;sizes&quot;:[]},&quot;_transform_rotateZ_effect_mobile&quot;:{&quot;unit&quot;:&quot;deg&quot;,&quot;size&quot;:&quot;&quot;,&quot;sizes&quot;:[]}}\" data-widget_type=\"image.default\">\n\t\t\t\t<div class=\"elementor-widget-container\">\n\t\t\t\t\t\t\t\t\t\t\t\t\t\t\t<img decoding=\"async\" width=\"150\" height=\"100\" src=\"https:\/\/s-team-experience.com\/wp-content\/uploads\/2024\/02\/4-diversite_bleu-150x100.png\" class=\"attachment-tx-pe-thumb size-tx-pe-thumb wp-image-1434\" alt=\"\" srcset=\"https:\/\/s-team-experience.com\/wp-content\/uploads\/2024\/02\/4-diversite_bleu-150x100.png 150w, https:\/\/s-team-experience.com\/wp-content\/uploads\/2024\/02\/4-diversite_bleu-900x600.png 900w\" sizes=\"(max-width: 150px) 100vw, 150px\" \/>\t\t\t\t\t\t\t\t\t\t\t\t\t\t\t<\/div>\n\t\t\t\t<\/div>\n\t\t\t\t<\/div>\n\t\t\t\t<div class=\"elementor-element elementor-element-1a47caf elementor-widget elementor-widget-spacer\" data-id=\"1a47caf\" data-element_type=\"widget\" data-widget_type=\"spacer.default\">\n\t\t\t\t<div class=\"elementor-widget-container\">\n\t\t\t\t\t\t\t<div class=\"elementor-spacer\">\n\t\t\t<div class=\"elementor-spacer-inner\"><\/div>\n\t\t<\/div>\n\t\t\t\t\t\t<\/div>\n\t\t\t\t<\/div>\n\t\t<div class=\"elementor-element elementor-element-5817a7e e-flex e-con-boxed elementor-invisible e-con e-child\" data-id=\"5817a7e\" data-element_type=\"container\" data-settings=\"{&quot;background_background&quot;:&quot;classic&quot;,&quot;animation&quot;:&quot;fadeInUp&quot;}\">\n\t\t\t\t\t<div class=\"e-con-inner\">\n\t\t\t\t<div class=\"elementor-element elementor-element-61f154d elementor-widget elementor-widget-image\" data-id=\"61f154d\" data-element_type=\"widget\" data-widget_type=\"image.default\">\n\t\t\t\t<div class=\"elementor-widget-container\">\n\t\t\t\t\t\t\t\t\t\t\t\t\t\t\t<img fetchpriority=\"high\" decoding=\"async\" width=\"470\" height=\"336\" src=\"https:\/\/s-team-experience.com\/wp-content\/uploads\/2023\/08\/MEGARESCO-NANTERRE_9-scaled.jpg\" class=\"attachment-tx-ts-thumb size-tx-ts-thumb wp-image-69\" alt=\"\" srcset=\"https:\/\/s-team-experience.com\/wp-content\/uploads\/2023\/08\/MEGARESCO-NANTERRE_9-scaled.jpg 2560w, https:\/\/s-team-experience.com\/wp-content\/uploads\/2023\/08\/MEGARESCO-NANTERRE_9-scaled-600x429.jpg 600w, https:\/\/s-team-experience.com\/wp-content\/uploads\/2023\/08\/MEGARESCO-NANTERRE_9-300x214.jpg 300w, https:\/\/s-team-experience.com\/wp-content\/uploads\/2023\/08\/MEGARESCO-NANTERRE_9-1024x731.jpg 1024w, https:\/\/s-team-experience.com\/wp-content\/uploads\/2023\/08\/MEGARESCO-NANTERRE_9-768x549.jpg 768w, https:\/\/s-team-experience.com\/wp-content\/uploads\/2023\/08\/MEGARESCO-NANTERRE_9-1536x1097.jpg 1536w, https:\/\/s-team-experience.com\/wp-content\/uploads\/2023\/08\/MEGARESCO-NANTERRE_9-2048x1463.jpg 2048w\" sizes=\"(max-width: 470px) 100vw, 470px\" \/>\t\t\t\t\t\t\t\t\t\t\t\t\t\t\t<\/div>\n\t\t\t\t<\/div>\n\t\t\t\t<div class=\"elementor-element elementor-element-0e0d9eb elementor-widget__width-initial elementor-widget elementor-widget-heading\" data-id=\"0e0d9eb\" data-element_type=\"widget\" data-widget_type=\"heading.default\">\n\t\t\t\t<div class=\"elementor-widget-container\">\n\t\t\t\t\t<h2 class=\"elementor-heading-title elementor-size-default\">\u00c9v\u00e9nement caritatif<\/h2>\t\t\t\t<\/div>\n\t\t\t\t<\/div>\n\t\t\t\t<div class=\"elementor-element elementor-element-1daf42d elementor-widget elementor-widget-avas-icon-box\" data-id=\"1daf42d\" data-element_type=\"widget\" data-widget_type=\"avas-icon-box.default\">\n\t\t\t\t<div class=\"elementor-widget-container\">\n\t\t\t\t\t\t\n\t\t<div class=\"tx-icon-box-wrap style-2 left\">\n\n\t\t\t<div class=\"tx-icon-box-icon\">\n\t\t\t\t<svg aria-hidden=\"true\" class=\"e-font-icon-svg e-fas-angle-right\" viewBox=\"0 0 256 512\" xmlns=\"http:\/\/www.w3.org\/2000\/svg\"><path d=\"M224.3 273l-136 136c-9.4 9.4-24.6 9.4-33.9 0l-22.6-22.6c-9.4-9.4-9.4-24.6 0-33.9l96.4-96.4-96.4-96.4c-9.4-9.4-9.4-24.6 0-33.9L54.3 103c9.4-9.4 24.6-9.4 33.9 0l136 136c9.5 9.4 9.5 24.6.1 34z\"><\/path><\/svg>\n\t\t\t\t\n\t\t\t<\/div><!-- tx-icon-box-icon -->\n\n\t\t\t<div class=\"tx-icon-box-content-wrap\">\n\n\t\t\t\t\t\t\t\t\t\t\t\t<p class=\"tx-icon-box-title\">\n\t\t\t\tAction RSE\t\t\t\t<\/p>\n\t\t\t\t\t\t\t\t\n\t\t\t\t<div class=\"tx-icon-box-desc\"><\/div>\n\t\t\t\t\t\t\t<\/div><!-- tx-icon-box-content-wrap -->\n\n\t\t<\/div><!-- tx-icon-box-wrap -->\n\n\t\t\t\t<\/div>\n\t\t\t\t<\/div>\n\t\t\t\t<div class=\"elementor-element elementor-element-78e7fee elementor-widget elementor-widget-avas-icon-box\" data-id=\"78e7fee\" data-element_type=\"widget\" data-widget_type=\"avas-icon-box.default\">\n\t\t\t\t<div class=\"elementor-widget-container\">\n\t\t\t\t\t\t\n\t\t<div class=\"tx-icon-box-wrap style-2 left\">\n\n\t\t\t<div class=\"tx-icon-box-icon\">\n\t\t\t\t<svg aria-hidden=\"true\" class=\"e-font-icon-svg e-fas-angle-right\" viewBox=\"0 0 256 512\" xmlns=\"http:\/\/www.w3.org\/2000\/svg\"><path d=\"M224.3 273l-136 136c-9.4 9.4-24.6 9.4-33.9 0l-22.6-22.6c-9.4-9.4-9.4-24.6 0-33.9l96.4-96.4-96.4-96.4c-9.4-9.4-9.4-24.6 0-33.9L54.3 103c9.4-9.4 24.6-9.4 33.9 0l136 136c9.5 9.4 9.5 24.6.1 34z\"><\/path><\/svg>\n\t\t\t\t\n\t\t\t<\/div><!-- tx-icon-box-icon -->\n\n\t\t\t<div class=\"tx-icon-box-content-wrap\">\n\n\t\t\t\t\t\t\t\t\t\t\t\t<p class=\"tx-icon-box-title\">\n\t\t\t\tPhilanthropie\t\t\t\t<\/p>\n\t\t\t\t\t\t\t\t\n\t\t\t\t<div class=\"tx-icon-box-desc\"><\/div>\n\t\t\t\t\t\t\t<\/div><!-- tx-icon-box-content-wrap -->\n\n\t\t<\/div><!-- tx-icon-box-wrap -->\n\n\t\t\t\t<\/div>\n\t\t\t\t<\/div>\n\t\t\t\t\t<\/div>\n\t\t\t\t<\/div>\n\t\t\t\t\t<\/div>\n\t\t\t\t<\/div>\n\t\t<div class=\"elementor-element elementor-element-c70aa2f e-flex e-con-boxed e-con e-parent\" data-id=\"c70aa2f\" data-element_type=\"container\" data-settings=\"{&quot;background_background&quot;:&quot;classic&quot;}\">\n\t\t\t\t\t<div class=\"e-con-inner\">\n\t\t<div class=\"elementor-element elementor-element-291d9c0 e-con-full e-flex e-con e-child\" data-id=\"291d9c0\" data-element_type=\"container\">\n\t\t\t\t<div class=\"elementor-element elementor-element-e2e7f1e tx-hd-align-left elementor-invisible elementor-widget elementor-widget-avas-heading\" data-id=\"e2e7f1e\" data-element_type=\"widget\" data-settings=\"{&quot;_animation&quot;:&quot;fadeIn&quot;}\" data-widget_type=\"avas-heading.default\">\n\t\t\t\t<div class=\"elementor-widget-container\">\n\t\t\t\t\t        <div class=\"tx-hd-wrap\">\n\n            <div class=\"tx-hd-wm\"><\/div>\n\n            \n            <div class=\"tx-hd-sub\"><\/div>\n                        <h2 class=\"tx-hd-title\">\n                <span class=\"tx-hd-first-part\">Un dispositif inclusif<\/span>\n                <span class=\"tx-hd-last-part\"><\/span>\n            <\/h2>    \n            \n            <div class=\"tx-hd-desc\"><\/div>\n\n\n                   \n        <\/div><!-- tx-hd-wrap -->\n\n\n\n\n\n\n\n\n\t\t\t\t<\/div>\n\t\t\t\t<\/div>\n\t\t\t\t<div class=\"elementor-element elementor-element-de6f3a3 elementor-widget elementor-widget-text-editor\" data-id=\"de6f3a3\" data-element_type=\"widget\" data-widget_type=\"text-editor.default\">\n\t\t\t\t<div class=\"elementor-widget-container\">\n\t\t\t\t\t\t\t\t\t<p>Quelle que soit le r\u00f4le qu&rsquo;il tient au sein de votre organisation, notre d\u00e9fi solidaire va permettre \u00e0 chacun de vos collaborateur de s&rsquo;impliquer dans un v\u00e9ritable effort de groupe. Soutenir une cause par l&rsquo;effort sportif transformera cet \u00e9v\u00e9nement caritatif en une cause d&rsquo;int\u00e9r\u00eat g\u00e9n\u00e9ral.<\/p><p><strong>Notre D\u00e9fi sportif peut impliquer jusqu&rsquo;\u00e0 1000 participants au service de votre objectif dans un \u00e9v\u00e9nement RSE.<\/strong><\/p>\t\t\t\t\t\t\t\t<\/div>\n\t\t\t\t<\/div>\n\t\t\t\t<\/div>\n\t\t<div class=\"elementor-element elementor-element-04fc7c1 e-con-full e-flex e-con e-child\" data-id=\"04fc7c1\" data-element_type=\"container\">\n\t\t\t\t<div class=\"elementor-element elementor-element-5758566 elementor-invisible elementor-widget elementor-widget-image\" data-id=\"5758566\" data-element_type=\"widget\" data-settings=\"{&quot;_animation&quot;:&quot;fadeInDown&quot;}\" data-widget_type=\"image.default\">\n\t\t\t\t<div class=\"elementor-widget-container\">\n\t\t\t\t\t\t\t\t\t\t\t\t\t\t\t<img decoding=\"async\" width=\"700\" height=\"368\" src=\"https:\/\/s-team-experience.com\/wp-content\/uploads\/2023\/10\/Jeu-pedagogique-photo-de-groupe.jpg\" class=\"attachment-full size-full wp-image-330\" alt=\"\" srcset=\"https:\/\/s-team-experience.com\/wp-content\/uploads\/2023\/10\/Jeu-pedagogique-photo-de-groupe.jpg 700w, https:\/\/s-team-experience.com\/wp-content\/uploads\/2023\/10\/Jeu-pedagogique-photo-de-groupe-600x315.jpg 600w, https:\/\/s-team-experience.com\/wp-content\/uploads\/2023\/10\/Jeu-pedagogique-photo-de-groupe-300x158.jpg 300w\" sizes=\"(max-width: 700px) 100vw, 700px\" \/>\t\t\t\t\t\t\t\t\t\t\t\t\t\t\t<\/div>\n\t\t\t\t<\/div>\n\t\t\t\t<\/div>\n\t\t\t\t\t<\/div>\n\t\t\t\t<\/div>\n\t\t<div class=\"elementor-element elementor-element-9718fc4 e-flex e-con-boxed e-con e-parent\" data-id=\"9718fc4\" data-element_type=\"container\" data-settings=\"{&quot;background_background&quot;:&quot;classic&quot;}\">\n\t\t\t\t\t<div class=\"e-con-inner\">\n\t\t<div class=\"elementor-element elementor-element-73960a6 e-con-full e-flex e-con e-child\" data-id=\"73960a6\" data-element_type=\"container\">\n\t\t\t\t<div class=\"elementor-element elementor-element-4d26583 elementor-invisible elementor-widget elementor-widget-image\" data-id=\"4d26583\" data-element_type=\"widget\" data-settings=\"{&quot;_animation&quot;:&quot;fadeInDown&quot;}\" data-widget_type=\"image.default\">\n\t\t\t\t<div class=\"elementor-widget-container\">\n\t\t\t\t\t\t\t\t\t\t\t\t\t\t\t<img loading=\"lazy\" decoding=\"async\" width=\"2560\" height=\"1707\" src=\"https:\/\/s-team-experience.com\/wp-content\/uploads\/2023\/10\/MEGARESCO-ROCHELLE-6-scaled.jpg\" class=\"attachment-full size-full wp-image-332\" alt=\"\" srcset=\"https:\/\/s-team-experience.com\/wp-content\/uploads\/2023\/10\/MEGARESCO-ROCHELLE-6-scaled.jpg 2560w, https:\/\/s-team-experience.com\/wp-content\/uploads\/2023\/10\/MEGARESCO-ROCHELLE-6-scaled-600x400.jpg 600w, https:\/\/s-team-experience.com\/wp-content\/uploads\/2023\/10\/MEGARESCO-ROCHELLE-6-300x200.jpg 300w, https:\/\/s-team-experience.com\/wp-content\/uploads\/2023\/10\/MEGARESCO-ROCHELLE-6-1024x683.jpg 1024w, https:\/\/s-team-experience.com\/wp-content\/uploads\/2023\/10\/MEGARESCO-ROCHELLE-6-768x512.jpg 768w, https:\/\/s-team-experience.com\/wp-content\/uploads\/2023\/10\/MEGARESCO-ROCHELLE-6-1536x1024.jpg 1536w, https:\/\/s-team-experience.com\/wp-content\/uploads\/2023\/10\/MEGARESCO-ROCHELLE-6-2048x1365.jpg 2048w, https:\/\/s-team-experience.com\/wp-content\/uploads\/2023\/10\/MEGARESCO-ROCHELLE-6-360x240.jpg 360w\" sizes=\"(max-width: 2560px) 100vw, 2560px\" \/>\t\t\t\t\t\t\t\t\t\t\t\t\t\t\t<\/div>\n\t\t\t\t<\/div>\n\t\t\t\t<\/div>\n\t\t\t\t<div class=\"elementor-element elementor-element-b374380 elementor-widget elementor-widget-spacer\" data-id=\"b374380\" data-element_type=\"widget\" data-widget_type=\"spacer.default\">\n\t\t\t\t<div class=\"elementor-widget-container\">\n\t\t\t\t\t\t\t<div class=\"elementor-spacer\">\n\t\t\t<div class=\"elementor-spacer-inner\"><\/div>\n\t\t<\/div>\n\t\t\t\t\t\t<\/div>\n\t\t\t\t<\/div>\n\t\t<div class=\"elementor-element elementor-element-22e94a1 e-con-full e-flex e-con e-child\" data-id=\"22e94a1\" data-element_type=\"container\">\n\t\t\t\t<div class=\"elementor-element elementor-element-a2e26cf tx-hd-align-left elementor-invisible elementor-widget elementor-widget-avas-heading\" data-id=\"a2e26cf\" data-element_type=\"widget\" data-settings=\"{&quot;_animation&quot;:&quot;fadeIn&quot;}\" data-widget_type=\"avas-heading.default\">\n\t\t\t\t<div class=\"elementor-widget-container\">\n\t\t\t\t\t        <div class=\"tx-hd-wrap\">\n\n            <div class=\"tx-hd-wm\"><\/div>\n\n            \n            <div class=\"tx-hd-sub\"><\/div>\n                        <h2 class=\"tx-hd-title\">\n                <span class=\"tx-hd-first-part\">Des \u00e9quipes mixtes et diversifi\u00e9es<\/span>\n                <span class=\"tx-hd-last-part\"><\/span>\n            <\/h2>    \n            \n            <div class=\"tx-hd-desc\"><\/div>\n\n\n                   \n        <\/div><!-- tx-hd-wrap -->\n\n\n\n\n\n\n\n\n\t\t\t\t<\/div>\n\t\t\t\t<\/div>\n\t\t\t\t<div class=\"elementor-element elementor-element-7f3f590 elementor-widget elementor-widget-text-editor\" data-id=\"7f3f590\" data-element_type=\"widget\" data-widget_type=\"text-editor.default\">\n\t\t\t\t<div class=\"elementor-widget-container\">\n\t\t\t\t\t\t\t\t\t<p>Afin de renforcer la coh\u00e9sion des participants, les \u00e9quipes peuvent \u00eatre constitu\u00e9es en amont. <br \/>Il est int\u00e9ressant de permettre aux \u00e9quipiers d&rsquo;horizons et services diff\u00e9rents de cr\u00e9er des liens entre eux avant le jour J.<\/p>\t\t\t\t\t\t\t\t<\/div>\n\t\t\t\t<\/div>\n\t\t\t\t<\/div>\n\t\t\t\t<div class=\"elementor-element elementor-element-2ee450c elementor-absolute elementor-widget elementor-widget-image\" data-id=\"2ee450c\" data-element_type=\"widget\" data-settings=\"{&quot;_position&quot;:&quot;absolute&quot;}\" data-widget_type=\"image.default\">\n\t\t\t\t<div class=\"elementor-widget-container\">\n\t\t\t\t\t\t\t\t\t\t\t\t\t\t\t<img loading=\"lazy\" decoding=\"async\" width=\"270\" height=\"188\" src=\"https:\/\/s-team-experience.com\/wp-content\/uploads\/2024\/02\/4-Panier_bleu-270x188.png\" class=\"attachment-tx-r-thumb size-tx-r-thumb wp-image-1433\" alt=\"\" srcset=\"https:\/\/s-team-experience.com\/wp-content\/uploads\/2024\/02\/4-Panier_bleu-270x188.png 270w, https:\/\/s-team-experience.com\/wp-content\/uploads\/2024\/02\/4-Panier_bleu-616x430.png 616w\" sizes=\"(max-width: 270px) 100vw, 270px\" \/>\t\t\t\t\t\t\t\t\t\t\t\t\t\t\t<\/div>\n\t\t\t\t<\/div>\n\t\t\t\t\t<\/div>\n\t\t\t\t<\/div>\n\t\t\t\t<\/div>\n\t\t","protected":false},"excerpt":{"rendered":"<p class=\"tx-excerpt\">D\u00e9fi solidaire et sportif Cet \u00e9v\u00e9nement RSE innovant est con\u00e7u pour cr\u00e9er de la coh\u00e9sion entre les participants. C&rsquo;est \u00e0 partir de la coh\u00e9sion de groupe que nous souhaitons faire \u00e9merger une culture","protected":false},"author":1,"featured_media":57,"parent":176,"menu_order":0,"comment_status":"closed","ping_status":"closed","template":"","meta":{"footnotes":""},"class_list":["post-182","page","type-page","status-publish","has-post-thumbnail","hentry"],"_links":{"self":[{"href":"https:\/\/s-team-experience.com\/index.php\/wp-json\/wp\/v2\/pages\/182","targetHints":{"allow":["GET"]}}],"collection":[{"href":"https:\/\/s-team-experience.com\/index.php\/wp-json\/wp\/v2\/pages"}],"about":[{"href":"https:\/\/s-team-experience.com\/index.php\/wp-json\/wp\/v2\/types\/page"}],"author":[{"embeddable":true,"href":"https:\/\/s-team-experience.com\/index.php\/wp-json\/wp\/v2\/users\/1"}],"replies":[{"embeddable":true,"href":"https:\/\/s-team-experience.com\/index.php\/wp-json\/wp\/v2\/comments?post=182"}],"version-history":[{"count":44,"href":"https:\/\/s-team-experience.com\/index.php\/wp-json\/wp\/v2\/pages\/182\/revisions"}],"predecessor-version":[{"id":1520,"href":"https:\/\/s-team-experience.com\/index.php\/wp-json\/wp\/v2\/pages\/182\/revisions\/1520"}],"up":[{"embeddable":true,"href":"https:\/\/s-team-experience.com\/index.php\/wp-json\/wp\/v2\/pages\/176"}],"wp:featuredmedia":[{"embeddable":true,"href":"https:\/\/s-team-experience.com\/index.php\/wp-json\/wp\/v2\/media\/57"}],"wp:attachment":[{"href":"https:\/\/s-team-experience.com\/index.php\/wp-json\/wp\/v2\/media?parent=182"}],"curies":[{"name":"wp","href":"https:\/\/api.w.org\/{rel}","templated":true}]}}