{"id":186,"date":"2023-09-17T14:33:07","date_gmt":"2023-09-17T12:33:07","guid":{"rendered":"https:\/\/s-team-experience.com\/?page_id=186"},"modified":"2024-06-08T17:53:10","modified_gmt":"2024-06-08T15:53:10","slug":"formation-rse-learn","status":"publish","type":"page","link":"https:\/\/s-team-experience.com\/index.php\/les-formules\/formation-rse-learn\/","title":{"rendered":"Formation RSE"},"content":{"rendered":"\t\t<div data-elementor-type=\"wp-page\" data-elementor-id=\"186\" class=\"elementor elementor-186\">\n\t\t\t\t<div class=\"elementor-element elementor-element-20d9c7f e-flex e-con-boxed e-con e-parent\" data-id=\"20d9c7f\" data-element_type=\"container\">\n\t\t\t\t\t<div class=\"e-con-inner\">\n\t\t<div class=\"elementor-element elementor-element-781d46a e-con-full e-flex e-con e-child\" data-id=\"781d46a\" data-element_type=\"container\">\n\t\t\t\t<div class=\"elementor-element elementor-element-4fd50f4 tx-hd-align-left elementor-widget elementor-widget-avas-heading\" data-id=\"4fd50f4\" data-element_type=\"widget\" data-widget_type=\"avas-heading.default\">\n\t\t\t\t<div class=\"elementor-widget-container\">\n\t\t\t\t\t        <div class=\"tx-hd-wrap\">\n\n            <div class=\"tx-hd-wm\"><\/div>\n\n            \n            <div class=\"tx-hd-sub\"><\/div>\n                        <h1 class=\"tx-hd-title\">\n                <span class=\"tx-hd-first-part\">Atelier exp\u00e9rientel innovant<\/span>\n                <span class=\"tx-hd-last-part\"><\/span>\n            <\/h1>    \n            \n            <div class=\"tx-hd-desc\"><\/div>\n\n\n                   \n        <\/div><!-- tx-hd-wrap -->\n\n\n\n\n\n\n\n\n\t\t\t\t<\/div>\n\t\t\t\t<\/div>\n\t\t\t\t<div class=\"elementor-element elementor-element-05b896b elementor-widget elementor-widget-text-editor\" data-id=\"05b896b\" data-element_type=\"widget\" data-widget_type=\"text-editor.default\">\n\t\t\t\t<div class=\"elementor-widget-container\">\n\t\t\t\t\t\t\t\t\t<p>Notre atelier de formation \u00e0 la Responsibilit\u00e9 Sociale des Entreprises (RSE) et ses multiples facettes vise \u00e0 sensibiliser ses participants. <br \/><br \/>Ce format long (1 \u00e0 4 demi-journ\u00e9es) peut accueillir entre 16 et 32 participants. <br \/><br \/>Comme pour l&rsquo;ensemble de nos ateliers, cette formation s&rsquo;articule autour d&rsquo;un jeu physique sc\u00e9naris\u00e9.<\/p>\t\t\t\t\t\t\t\t<\/div>\n\t\t\t\t<\/div>\n\t\t\t\t<div class=\"elementor-element elementor-element-ad35256 elementor-absolute e-transform elementor-hidden-mobile elementor-widget elementor-widget-image\" data-id=\"ad35256\" data-element_type=\"widget\" data-settings=\"{&quot;_position&quot;:&quot;absolute&quot;,&quot;_transform_rotateZ_effect&quot;:{&quot;unit&quot;:&quot;px&quot;,&quot;size&quot;:-15,&quot;sizes&quot;:[]},&quot;_transform_rotateZ_effect_tablet&quot;:{&quot;unit&quot;:&quot;deg&quot;,&quot;size&quot;:&quot;&quot;,&quot;sizes&quot;:[]},&quot;_transform_rotateZ_effect_mobile&quot;:{&quot;unit&quot;:&quot;deg&quot;,&quot;size&quot;:&quot;&quot;,&quot;sizes&quot;:[]}}\" data-widget_type=\"image.default\">\n\t\t\t\t<div class=\"elementor-widget-container\">\n\t\t\t\t\t\t\t\t\t\t\t\t\t\t\t<img decoding=\"async\" width=\"150\" height=\"100\" src=\"https:\/\/s-team-experience.com\/wp-content\/uploads\/2024\/02\/4-Puzzle-150x100.png\" class=\"attachment-tx-pe-thumb size-tx-pe-thumb wp-image-1404\" alt=\"\" srcset=\"https:\/\/s-team-experience.com\/wp-content\/uploads\/2024\/02\/4-Puzzle-150x100.png 150w, https:\/\/s-team-experience.com\/wp-content\/uploads\/2024\/02\/4-Puzzle-900x600.png 900w\" sizes=\"(max-width: 150px) 100vw, 150px\" \/>\t\t\t\t\t\t\t\t\t\t\t\t\t\t\t<\/div>\n\t\t\t\t<\/div>\n\t\t\t\t<\/div>\n\t\t\t\t<div class=\"elementor-element elementor-element-226403b elementor-widget elementor-widget-spacer\" data-id=\"226403b\" data-element_type=\"widget\" data-widget_type=\"spacer.default\">\n\t\t\t\t<div class=\"elementor-widget-container\">\n\t\t\t\t\t\t\t<div class=\"elementor-spacer\">\n\t\t\t<div class=\"elementor-spacer-inner\"><\/div>\n\t\t<\/div>\n\t\t\t\t\t\t<\/div>\n\t\t\t\t<\/div>\n\t\t<div class=\"elementor-element elementor-element-33139ac e-flex e-con-boxed elementor-invisible e-con e-child\" data-id=\"33139ac\" data-element_type=\"container\" data-settings=\"{&quot;background_background&quot;:&quot;classic&quot;,&quot;animation&quot;:&quot;fadeInRight&quot;}\">\n\t\t\t\t\t<div class=\"e-con-inner\">\n\t\t\t\t<div class=\"elementor-element elementor-element-e3add27 elementor-widget elementor-widget-image\" data-id=\"e3add27\" data-element_type=\"widget\" data-widget_type=\"image.default\">\n\t\t\t\t<div class=\"elementor-widget-container\">\n\t\t\t\t\t\t\t\t\t\t\t\t\t\t\t<img fetchpriority=\"high\" decoding=\"async\" width=\"470\" height=\"336\" src=\"https:\/\/s-team-experience.com\/wp-content\/uploads\/2023\/08\/MEGARESCO-NANTERRE_7-scaled.jpg\" class=\"attachment-tx-ts-thumb size-tx-ts-thumb wp-image-71\" alt=\"\" srcset=\"https:\/\/s-team-experience.com\/wp-content\/uploads\/2023\/08\/MEGARESCO-NANTERRE_7-scaled.jpg 2560w, https:\/\/s-team-experience.com\/wp-content\/uploads\/2023\/08\/MEGARESCO-NANTERRE_7-scaled-600x428.jpg 600w, https:\/\/s-team-experience.com\/wp-content\/uploads\/2023\/08\/MEGARESCO-NANTERRE_7-300x214.jpg 300w, https:\/\/s-team-experience.com\/wp-content\/uploads\/2023\/08\/MEGARESCO-NANTERRE_7-1024x731.jpg 1024w, https:\/\/s-team-experience.com\/wp-content\/uploads\/2023\/08\/MEGARESCO-NANTERRE_7-768x549.jpg 768w, https:\/\/s-team-experience.com\/wp-content\/uploads\/2023\/08\/MEGARESCO-NANTERRE_7-1536x1097.jpg 1536w, https:\/\/s-team-experience.com\/wp-content\/uploads\/2023\/08\/MEGARESCO-NANTERRE_7-2048x1463.jpg 2048w\" sizes=\"(max-width: 470px) 100vw, 470px\" \/>\t\t\t\t\t\t\t\t\t\t\t\t\t\t\t<\/div>\n\t\t\t\t<\/div>\n\t\t\t\t<div class=\"elementor-element elementor-element-8ee1979 elementor-widget__width-initial elementor-widget elementor-widget-heading\" data-id=\"8ee1979\" data-element_type=\"widget\" data-widget_type=\"heading.default\">\n\t\t\t\t<div class=\"elementor-widget-container\">\n\t\t\t\t\t<h2 class=\"elementor-heading-title elementor-size-default\">Formation <br \/> RSE<\/h2>\t\t\t\t<\/div>\n\t\t\t\t<\/div>\n\t\t\t\t<div class=\"elementor-element elementor-element-59ac2f2 elementor-widget elementor-widget-avas-icon-box\" data-id=\"59ac2f2\" data-element_type=\"widget\" data-widget_type=\"avas-icon-box.default\">\n\t\t\t\t<div class=\"elementor-widget-container\">\n\t\t\t\t\t\t\n\t\t<div class=\"tx-icon-box-wrap style-2 left\">\n\n\t\t\t<div class=\"tx-icon-box-icon\">\n\t\t\t\t<svg aria-hidden=\"true\" class=\"e-font-icon-svg e-fas-angle-right\" viewBox=\"0 0 256 512\" xmlns=\"http:\/\/www.w3.org\/2000\/svg\"><path d=\"M224.3 273l-136 136c-9.4 9.4-24.6 9.4-33.9 0l-22.6-22.6c-9.4-9.4-9.4-24.6 0-33.9l96.4-96.4-96.4-96.4c-9.4-9.4-9.4-24.6 0-33.9L54.3 103c9.4-9.4 24.6-9.4 33.9 0l136 136c9.5 9.4 9.5 24.6.1 34z\"><\/path><\/svg>\n\t\t\t\t\n\t\t\t<\/div><!-- tx-icon-box-icon -->\n\n\t\t\t<div class=\"tx-icon-box-content-wrap\">\n\n\t\t\t\t\t\t\t\t\t\t\t\t<p class=\"tx-icon-box-title\">\n\t\t\t\tD\u00e9couvrir\t\t\t\t<\/p>\n\t\t\t\t\t\t\t\t\n\t\t\t\t<div class=\"tx-icon-box-desc\"><\/div>\n\t\t\t\t\t\t\t<\/div><!-- tx-icon-box-content-wrap -->\n\n\t\t<\/div><!-- tx-icon-box-wrap -->\n\n\t\t\t\t<\/div>\n\t\t\t\t<\/div>\n\t\t\t\t<div class=\"elementor-element elementor-element-91d1340 elementor-widget elementor-widget-avas-icon-box\" data-id=\"91d1340\" data-element_type=\"widget\" data-widget_type=\"avas-icon-box.default\">\n\t\t\t\t<div class=\"elementor-widget-container\">\n\t\t\t\t\t\t\n\t\t<div class=\"tx-icon-box-wrap style-2 left\">\n\n\t\t\t<div class=\"tx-icon-box-icon\">\n\t\t\t\t<svg aria-hidden=\"true\" class=\"e-font-icon-svg e-fas-angle-right\" viewBox=\"0 0 256 512\" xmlns=\"http:\/\/www.w3.org\/2000\/svg\"><path d=\"M224.3 273l-136 136c-9.4 9.4-24.6 9.4-33.9 0l-22.6-22.6c-9.4-9.4-9.4-24.6 0-33.9l96.4-96.4-96.4-96.4c-9.4-9.4-9.4-24.6 0-33.9L54.3 103c9.4-9.4 24.6-9.4 33.9 0l136 136c9.5 9.4 9.5 24.6.1 34z\"><\/path><\/svg>\n\t\t\t\t\n\t\t\t<\/div><!-- tx-icon-box-icon -->\n\n\t\t\t<div class=\"tx-icon-box-content-wrap\">\n\n\t\t\t\t\t\t\t\t\t\t\t\t<p class=\"tx-icon-box-title\">\n\t\t\t\tComprendre\t\t\t\t<\/p>\n\t\t\t\t\t\t\t\t\n\t\t\t\t<div class=\"tx-icon-box-desc\"><\/div>\n\t\t\t\t\t\t\t<\/div><!-- tx-icon-box-content-wrap -->\n\n\t\t<\/div><!-- tx-icon-box-wrap -->\n\n\t\t\t\t<\/div>\n\t\t\t\t<\/div>\n\t\t\t\t\t<\/div>\n\t\t\t\t<\/div>\n\t\t\t\t\t<\/div>\n\t\t\t\t<\/div>\n\t\t<div class=\"elementor-element elementor-element-09e1a02 e-flex e-con-boxed e-con e-parent\" data-id=\"09e1a02\" data-element_type=\"container\" data-settings=\"{&quot;background_background&quot;:&quot;classic&quot;}\">\n\t\t\t\t\t<div class=\"e-con-inner\">\n\t\t<div class=\"elementor-element elementor-element-5acc861 e-con-full e-flex e-con e-child\" data-id=\"5acc861\" data-element_type=\"container\">\n\t\t\t\t<div class=\"elementor-element elementor-element-8407b87 tx-hd-align-left elementor-invisible elementor-widget elementor-widget-avas-heading\" data-id=\"8407b87\" data-element_type=\"widget\" data-settings=\"{&quot;_animation&quot;:&quot;fadeIn&quot;}\" data-widget_type=\"avas-heading.default\">\n\t\t\t\t<div class=\"elementor-widget-container\">\n\t\t\t\t\t        <div class=\"tx-hd-wrap\">\n\n            <div class=\"tx-hd-wm\"><\/div>\n\n            \n            <div class=\"tx-hd-sub\"><\/div>\n                        <h2 class=\"tx-hd-title\">\n                <span class=\"tx-hd-first-part\">La gamification au service de la RSE<\/span>\n                <span class=\"tx-hd-last-part\"><\/span>\n            <\/h2>    \n            \n            <div class=\"tx-hd-desc\"><\/div>\n\n\n                   \n        <\/div><!-- tx-hd-wrap -->\n\n\n\n\n\n\n\n\n\t\t\t\t<\/div>\n\t\t\t\t<\/div>\n\t\t\t\t<div class=\"elementor-element elementor-element-81cb556 elementor-widget elementor-widget-text-editor\" data-id=\"81cb556\" data-element_type=\"widget\" data-widget_type=\"text-editor.default\">\n\t\t\t\t<div class=\"elementor-widget-container\">\n\t\t\t\t\t\t\t\t\t<p>Jeux d\u2019adresse, \u00e9nigmes, recherche d\u2019information viendront immerger les \u00e9quipes avec pour objectifs d&rsquo;aider \u00e0 prendre des d\u00e9cisions strat\u00e9giques, de coordination, ou encore de positionnement \u00e9thique.<\/p><p>Chaque temps de jeux sera ponctu\u00e9 d&rsquo;espaces de r\u00e9flexivit\u00e9 guid\u00e9e et des \u00e9tudes de cas inspirantes.<\/p><p>L&rsquo;ensemble sera soutenu par un dispositif p\u00e9dagogique, donnant lieu \u00e0 de v\u00e9ritables cycles d\u2019apprentissages exp\u00e9rientiels (Kolb &amp; Kolb 2005) pour les participants.<\/p><p>\u00a0<\/p>\t\t\t\t\t\t\t\t<\/div>\n\t\t\t\t<\/div>\n\t\t\t\t<\/div>\n\t\t\t\t<div class=\"elementor-element elementor-element-aadbaf5 elementor-widget elementor-widget-spacer\" data-id=\"aadbaf5\" data-element_type=\"widget\" data-widget_type=\"spacer.default\">\n\t\t\t\t<div class=\"elementor-widget-container\">\n\t\t\t\t\t\t\t<div class=\"elementor-spacer\">\n\t\t\t<div class=\"elementor-spacer-inner\"><\/div>\n\t\t<\/div>\n\t\t\t\t\t\t<\/div>\n\t\t\t\t<\/div>\n\t\t<div class=\"elementor-element elementor-element-ad1c4cb e-con-full e-flex e-con e-child\" data-id=\"ad1c4cb\" data-element_type=\"container\">\n\t\t\t\t<div class=\"elementor-element elementor-element-aeedffa elementor-invisible elementor-widget elementor-widget-image\" data-id=\"aeedffa\" data-element_type=\"widget\" data-settings=\"{&quot;_animation&quot;:&quot;fadeInDown&quot;}\" data-widget_type=\"image.default\">\n\t\t\t\t<div class=\"elementor-widget-container\">\n\t\t\t\t\t\t\t\t\t\t\t\t\t\t\t<img decoding=\"async\" width=\"2560\" height=\"1707\" src=\"https:\/\/s-team-experience.com\/wp-content\/uploads\/2023\/10\/DSC_5562-scaled.jpg\" class=\"attachment-full size-full wp-image-326\" alt=\"\" srcset=\"https:\/\/s-team-experience.com\/wp-content\/uploads\/2023\/10\/DSC_5562-scaled.jpg 2560w, https:\/\/s-team-experience.com\/wp-content\/uploads\/2023\/10\/DSC_5562-scaled-600x400.jpg 600w, https:\/\/s-team-experience.com\/wp-content\/uploads\/2023\/10\/DSC_5562-300x200.jpg 300w, https:\/\/s-team-experience.com\/wp-content\/uploads\/2023\/10\/DSC_5562-1024x683.jpg 1024w, https:\/\/s-team-experience.com\/wp-content\/uploads\/2023\/10\/DSC_5562-768x512.jpg 768w, https:\/\/s-team-experience.com\/wp-content\/uploads\/2023\/10\/DSC_5562-1536x1024.jpg 1536w, https:\/\/s-team-experience.com\/wp-content\/uploads\/2023\/10\/DSC_5562-2048x1365.jpg 2048w, https:\/\/s-team-experience.com\/wp-content\/uploads\/2023\/10\/DSC_5562-360x240.jpg 360w\" sizes=\"(max-width: 2560px) 100vw, 2560px\" \/>\t\t\t\t\t\t\t\t\t\t\t\t\t\t\t<\/div>\n\t\t\t\t<\/div>\n\t\t\t\t<\/div>\n\t\t\t\t\t<\/div>\n\t\t\t\t<\/div>\n\t\t\t\t<\/div>\n\t\t","protected":false},"excerpt":{"rendered":"<p class=\"tx-excerpt\">Atelier exp\u00e9rientel innovant Notre atelier de formation \u00e0 la Responsibilit\u00e9 Sociale des Entreprises (RSE) et ses multiples facettes vise \u00e0 sensibiliser ses participants. Ce format long (1 \u00e0 4 demi-journ\u00e9es) peut accueillir entre","protected":false},"author":1,"featured_media":326,"parent":176,"menu_order":0,"comment_status":"closed","ping_status":"closed","template":"","meta":{"footnotes":""},"class_list":["post-186","page","type-page","status-publish","has-post-thumbnail","hentry"],"_links":{"self":[{"href":"https:\/\/s-team-experience.com\/index.php\/wp-json\/wp\/v2\/pages\/186","targetHints":{"allow":["GET"]}}],"collection":[{"href":"https:\/\/s-team-experience.com\/index.php\/wp-json\/wp\/v2\/pages"}],"about":[{"href":"https:\/\/s-team-experience.com\/index.php\/wp-json\/wp\/v2\/types\/page"}],"author":[{"embeddable":true,"href":"https:\/\/s-team-experience.com\/index.php\/wp-json\/wp\/v2\/users\/1"}],"replies":[{"embeddable":true,"href":"https:\/\/s-team-experience.com\/index.php\/wp-json\/wp\/v2\/comments?post=186"}],"version-history":[{"count":45,"href":"https:\/\/s-team-experience.com\/index.php\/wp-json\/wp\/v2\/pages\/186\/revisions"}],"predecessor-version":[{"id":1517,"href":"https:\/\/s-team-experience.com\/index.php\/wp-json\/wp\/v2\/pages\/186\/revisions\/1517"}],"up":[{"embeddable":true,"href":"https:\/\/s-team-experience.com\/index.php\/wp-json\/wp\/v2\/pages\/176"}],"wp:featuredmedia":[{"embeddable":true,"href":"https:\/\/s-team-experience.com\/index.php\/wp-json\/wp\/v2\/media\/326"}],"wp:attachment":[{"href":"https:\/\/s-team-experience.com\/index.php\/wp-json\/wp\/v2\/media?parent=186"}],"curies":[{"name":"wp","href":"https:\/\/api.w.org\/{rel}","templated":true}]}}